{"id":4769,"date":"2023-12-20T17:12:03","date_gmt":"2023-12-20T16:12:03","guid":{"rendered":"https:\/\/apliquick.com\/?page_id=4769"},"modified":"2023-12-20T17:49:32","modified_gmt":"2023-12-20T16:49:32","slug":"condiciones","status":"publish","type":"page","link":"https:\/\/apliquick.com\/?page_id=4769","title":{"rendered":"Condiciones"},"content":{"rendered":"<header class=\"page-header\">\n<h1>T\u00e9rminos y condiciones<\/h1>\n<\/header>\n<section id=\"content\" class=\"page-content page-cms page-cms-3\">\n<p class=\"Marta\"><span lang=\"en-us\" xml:lang=\"en-us\">Cuando necesitemos obtener informaci\u00f3n por su parte, siempre le solicitaremos que nos la proporcione voluntariamente de forma expresa. Los datos solicitados a trav\u00e9s de los formularios de recogida de datos de la p\u00e1gina web o por otras v\u00edas ser\u00e1n incorporados a un fichero de datos de car\u00e1cter personal, del que es responsable\u00a0APLIQUICK \u00ae \u2122. Esta entidad tratar\u00e1 los datos confidencialmente y con la \u00fanica finalidad de prestar los servicios solicitados, con todas las garant\u00edas legales y de seguridad que impone la Ley 15\/1999, de 13 de diciembre, de protecci\u00f3n de datos de car\u00e1cter personal,\u00a0\u00a0el Reglamento (UE) 2016\/679 del Parlamento Europeo y del Consejo, de 27 de abril de 2016 (RGPD) y la Ley 34\/2002, de 11 de julio, de servicios de la sociedad de la informaci\u00f3n y comercio electr\u00f3nico.<\/span><\/p>\n<p class=\"Marta\"><span lang=\"en-us\" xml:lang=\"en-us\">APLIQUICK \u00ae \u2122, se compromete a no ceder, vender ni compartir los datos con terceros sin su expresa aprobaci\u00f3n.<\/span><\/p>\n<p class=\"Marta\"><span lang=\"en-us\" xml:lang=\"en-us\">As\u00ed mismo,\u00a0APLIQUICK \u00ae \u2122\u00a0cancelar\u00e1 o rectificar\u00e1 los datos que sean inexactos, incompletos o hayan dejado de ser necesarios\u00a0\u00a0o pertinentes para la finalidad para la que fueron recogidos,\u00a0\u00a0con arreglo a las disposiciones de la Ley Org\u00e1nica 15\/1999, de 13 de diciembre, de protecci\u00f3n de Datos de car\u00e1cter personal.<\/span><\/p>\n<p class=\"Marta\"><span lang=\"en-us\" xml:lang=\"en-us\">El usuario podr\u00e1 revocar el consentimiento y ejercitar sus derechos de acceso, rectificaci\u00f3n, limitaci\u00f3n de tratamiento, portabilidad, cancelaci\u00f3n y oposici\u00f3n dirigi\u00e9ndose por escrito al domicilio social de\u00a0APLIQUICK \u00ae \u2122\u00a0situado en\u00a0\u00a0Rambla Generalitat 40, entresuelo,\u00a0<\/span>17220 Sant Feliu de Gu\u00edxols (Girona) &#8211; ESPA\u00d1A, identificado debidamente e indicando de forma visible el derecho concreto que se ejerce.<\/p>\n<p class=\"Marta\"><span lang=\"en-us\" xml:lang=\"en-us\">APLIQUICK \u00ae \u2122, adopta los correspondientes niveles de seguridad requeridos por la citada Ley Org\u00e1nica 15\/1999 y dem\u00e1s normativa aplicable. Sin embargo, no asume ninguna responsabilidad por da\u00f1os y perjuicios derivados de alteraciones que terceros pueden causar en los sistemas inform\u00e1ticos, documentos electr\u00f3nicos o ficheros del usuario.<\/span><\/p>\n<p class=\"Marta\"><span lang=\"en-us\" xml:lang=\"en-us\">APLIQUICK \u00ae \u2122,, podr\u00e1 utiliza cookies durante la prestaci\u00f3n de servicios del sitio web. Las cookies son ficheros f\u00edsicos de informaci\u00f3n personal almacenados en el propio terminal del usuario. El usuario tiene la posibilidad de configurar su navegador para evitar la creaci\u00f3n de cookies o advertir de ellas.<\/span><\/p>\n<p class=\"Marta\"><span lang=\"en-us\" xml:lang=\"en-us\">Si opta por abandonar nuestro sitio web a trav\u00e9s de enlaces a sitios web no pertenecientes a nuestra instituci\u00f3n,\u00a0APLIQUICK \u00ae \u2122,, no se har\u00e1 responsable de las pol\u00edticas de privacidad de estos sitios web ni de las cookies que puedan llegar a almacenarse en la computadora del usuario.<\/span><\/p>\n<p class=\"Marta\"><span lang=\"en-us\" xml:lang=\"en-us\">Nuestra pol\u00edtica respecto al correo electr\u00f3nico se centra en remitir \u00fanicamente comunicaciones que usted haya solicitado recibir.<\/span><\/p>\n<p class=\"Marta\"><span lang=\"en-us\" xml:lang=\"en-us\">Si usted prefiere no recibir estos mensajes por correo electr\u00f3nico, le ofreceremos, a trav\u00e9s del mismo, la posibilidad de ejercer su derecho de cancelaci\u00f3n y renuncia a recibir estos mensajes, de conformidad con las disposiciones del t\u00edtulo III, art\u00edculo 22, de la Ley 34\/2002 de servicios de la sociedad de la informaci\u00f3n y comercio electr\u00f3nico.<\/span><\/p>\n<p class=\"Marta\"><b><span lang=\"en-us\" xml:lang=\"en-us\">Procedimiento en caso de llevar a cabo actividades ilegales.<\/span><\/b><\/p>\n<p class=\"Marta\"><span lang=\"en-us\" xml:lang=\"en-us\">En caso de que cualquier usuario o tercero considere que existen hechos o circunstancias que revelen el car\u00e1cter il\u00edcito de la utilizaci\u00f3n de cualquier contenido y\/o la realizaci\u00f3n de cualquier actividad en las p\u00e1ginas web incluidas o accesibles a trav\u00e9s de el sitio web, deber\u00e1 enviar una notificaci\u00f3n al propietario de la p\u00e1gina web identific\u00e1ndose debidamente, especificando las supuestas infracciones y declarando expresamente y bajo su propia responsabilidad, que la informaci\u00f3n proporcionada en la notificaci\u00f3n es exacta.<\/span><\/p>\n<p class=\"Marta\"><span lang=\"en-us\" xml:lang=\"en-us\">Se aplicar\u00e1n a todas las disputas que afecten a la p\u00e1gina web de,\u00a0APLIQUICK \u00ae \u2122,\u00a0la legislaci\u00f3n espa\u00f1ola, siendo competentes\u00a0\u00a0los tribunales y juzgados correspondientes<\/span><\/p>\n<\/section>\n","protected":false},"excerpt":{"rendered":"<p>T\u00e9rminos y condiciones Cuando necesitemos obtener informaci\u00f3n por su parte, siempre le solicitaremos que nos la proporcione voluntariamente de forma expresa. Los datos solicitados a trav\u00e9s de los formularios de recogida de datos de la p\u00e1gina web o por otras v\u00edas ser\u00e1n incorporados a un fichero de datos de car\u00e1cter personal, del que es responsable\u00a0APLIQUICK \u00ae \u2122. Esta entidad tratar\u00e1&#8230;<\/p>\n","protected":false},"author":1,"featured_media":0,"parent":0,"menu_order":0,"comment_status":"closed","ping_status":"closed","template":"","meta":{"_monsterinsights_skip_tracking":false,"_monsterinsights_sitenote_active":false,"_monsterinsights_sitenote_note":"","_monsterinsights_sitenote_category":0,"footnotes":""},"class_list":["post-4769","page","type-page","status-publish","hentry"],"_links":{"self":[{"href":"https:\/\/apliquick.com\/index.php?rest_route=\/wp\/v2\/pages\/4769","targetHints":{"allow":["GET"]}}],"collection":[{"href":"https:\/\/apliquick.com\/index.php?rest_route=\/wp\/v2\/pages"}],"about":[{"href":"https:\/\/apliquick.com\/index.php?rest_route=\/wp\/v2\/types\/page"}],"author":[{"embeddable":true,"href":"https:\/\/apliquick.com\/index.php?rest_route=\/wp\/v2\/users\/1"}],"replies":[{"embeddable":true,"href":"https:\/\/apliquick.com\/index.php?rest_route=%2Fwp%2Fv2%2Fcomments&post=4769"}],"version-history":[{"count":3,"href":"https:\/\/apliquick.com\/index.php?rest_route=\/wp\/v2\/pages\/4769\/revisions"}],"predecessor-version":[{"id":4782,"href":"https:\/\/apliquick.com\/index.php?rest_route=\/wp\/v2\/pages\/4769\/revisions\/4782"}],"wp:attachment":[{"href":"https:\/\/apliquick.com\/index.php?rest_route=%2Fwp%2Fv2%2Fmedia&parent=4769"}],"curies":[{"name":"wp","href":"https:\/\/api.w.org\/{rel}","templated":true}]}}