{"id":4767,"date":"2023-12-20T17:11:53","date_gmt":"2023-12-20T16:11:53","guid":{"rendered":"https:\/\/apliquick.com\/?page_id=4767"},"modified":"2023-12-20T17:39:07","modified_gmt":"2023-12-20T16:39:07","slug":"cookies","status":"publish","type":"page","link":"https:\/\/apliquick.com\/?page_id=4767","title":{"rendered":"Cookies"},"content":{"rendered":"<p><strong>POL\u00cdTICA DE COOKIES<\/strong><\/p>\n<p>A trav\u00e9s de este Portal, APLQUICK S.C no recoge ni procesa ning\u00fan tipo de datos personales excepto los recogidos a trav\u00e9s de los formularios de contacto y las cookies, seg\u00fan se explica a continuaci\u00f3n.<\/p>\n<p>Este portal, al igual que la mayor\u00eda de portales en Internet, usa cookies para mejorar la experiencia del usuario. A continuaci\u00f3n encontrar\u00e1 informaci\u00f3n sobre qu\u00e9 son las \u201ccookies\u201d qu\u00e9 tipo de cookies utiliza este portal, c\u00f3mo puede desactivar las cookies en su navegador y c\u00f3mo desactivar espec\u00edficamente la instalaci\u00f3n de cookies de terceros.<\/p>\n<p>&nbsp;<\/p>\n<p><strong>QU\u00c9 \u00c9S UNA COOKIE?<\/strong><\/p>\n<p>Una cookie es un fichero (peque\u00f1o archivo) que se descarga en su ordenador al acceder a determinadas p\u00e1ginas web, normalmente formado por letras y n\u00fameros, enviado por el servidor de nuestra web al archivo de cookies de su navegador.<\/p>\n<p>&nbsp;<\/p>\n<p><strong>UTILIDAD DE LAS COOKIES<\/strong><\/p>\n<p>Las cookies son \u00fatiles por varios motivos. Desde un punto de vista t\u00e9cnico, permiten que las p\u00e1ginas web funcionen de forma \u00e1gil y adaptada a sus preferencias. Permiten a nuestra p\u00e1gina web, entre otras cosas, almacenar y recuperar informaci\u00f3n sobre sus h\u00e1bitos de navegaci\u00f3n o de su equipo y recordar su presencia al establecerse una nueva conexi\u00f3n entre nuestro servidor y su navegador. El principal prop\u00f3sito de una cookie es permitir a nuestro servidor presentar p\u00e1ginas web personalizadas que puedan convertir la visita a La Web en una experiencia individual y ajustada a las preferencias personales Navegar por este portal supone que se puedan instalar los siguientes tipos de cookies:<\/p>\n<p>&nbsp;<\/p>\n<p><strong>COOKIES DE MEJORA DEL RENDIMIENTO<\/strong><\/p>\n<p>Este tipo de cookies conserva sus preferencias para ciertas herramientas o servicios para que no tenga que reconfigurarlos cada vez que visita nuestro portal y, en algunos casos, pueden ser aportadas por terceros. Algunos ejemplos son: volumen de los reproductores audiovisuales, preferencias de ordenaci\u00f3n de art\u00edculos o velocidades de reproducci\u00f3n de v\u00eddeo compatibles. En el caso de comercio electr\u00f3nico, permiten mantener informaci\u00f3n sobre su cesta de la compra.<\/p>\n<p>&nbsp;<\/p>\n<p><strong>COOKIES DE MEJORA DE AN\u00c1LISIS ESTAD\u00cdSTICO<\/strong><\/p>\n<p>Son aquellas que, bien tratadas por nosotros o por terceros, permiten cuantificar el n\u00famero de visitantes y analizar estad\u00edsticamente la utilizaci\u00f3n que hacen los usuarios de nuestros servicios. Gracias a ello podemos estudiar la navegaci\u00f3n por nuestra p\u00e1gina web, y mejorar as\u00ed la oferta de productos o servicios que ofrecemos.<\/p>\n<p>&nbsp;<\/p>\n<p><strong>COOKIES DE GEOLOCALIZACI\u00d3N<\/strong><\/p>\n<p>Estas cookies son usadas por programas que intentan localizar geogr\u00e1ficamente la situaci\u00f3n del ordenador, smartphone, tableta o televisi\u00f3n conectada, para de manera totalmente an\u00f3nima ofrecerle contenidos y servicios m\u00e1s adecuados.<\/p>\n<p>&nbsp;<\/p>\n<p><strong>COOKIES DE REGISTRO<\/strong><\/p>\n<p>Cuando usted se registra en nuestro portal, se generan cookies que le identifican como usuario registrado e indican cu\u00e1ndo usted se ha identificado en el portal. Estas cookies son utilizadas para identificar su cuenta de usuario y sus servicios asociados. Se mantienen mientras usted no abandone la cuenta, cierre el navegador o apague el dispositivo. Estas cookies pueden ser utilizadas en combinaci\u00f3n con datos anal\u00edticos para identificar de manera individual sus preferencias en nuestro portal.<\/p>\n<p>&nbsp;<\/p>\n<p><strong>COOKIES PUBLICITARIAS<\/strong><\/p>\n<p>Son aqu\u00e9llas que, bien tratadas por nosotros o por terceros, permiten gestionar eficazmente los espacios publicitarios de nuestro sitio web, adecuando el contenido del anuncio al contenido del servicio solicitado o al uso que realice de nuestra p\u00e1gina. Gracias a ella podemos conocer sus h\u00e1bitos de navegaci\u00f3n en internet y mostrarle publicidad relacionada con su perfil de navegaci\u00f3n.<\/p>\n<p>&nbsp;<\/p>\n<p><strong>COOKIES DE TERCEROS<\/strong><\/p>\n<p>En algunas de nuestras p\u00e1ginas se pueden instalar cookies de terceros que permitan gestionar y mejorar los servicios que \u00e9stos ofrecen.<\/p>\n<p>&nbsp;<\/p>\n<p><strong>ACEPTACI\u00d3N DE LA POL\u00cdTICA DE COOKIES<\/strong><\/p>\n<p>El propietario de La Web asume que usted acepta el uso de cookies. No obstante, mostramos la informaci\u00f3n sobre nuestra Pol\u00edtica de cookies en la parte inferior de cualquier p\u00e1gina del portal con cada inicio de sesi\u00f3n con el objeto de que usted sea consciente.<\/p>\n<p>Ante esta informaci\u00f3n es posible llevar a cabo las siguientes acciones:<\/p>\n<p>\u2022 Aceptar cookies; No se volver\u00e1 a visualizar este aviso al acceder a cualquier p\u00e1gina del portal durante la presente sesi\u00f3n.<\/p>\n<p>\u2022 Cerrar; Se oculta el aviso en la presente p\u00e1gina.<\/p>\n<p>\u2022 Modificar su configuraci\u00f3n.<\/p>\n<p>&nbsp;<\/p>\n<p><strong>C\u00d3MO PUEDO CONFIGURAR MIS PREFERENCIAS?<\/strong><\/p>\n<p>Puede permitir, bloquear o eliminar las cookies instaladas en su equipo mediante la configuraci\u00f3n de las opciones de su navegador de internet. En caso de que las bloquee, es posible que ciertos servicios que necesitan su uso no est\u00e9n disponibles para usted. A continuaci\u00f3n le ofrecemos enlaces en los que encontrar\u00e1 informaci\u00f3n sobre c\u00f3mo puede activar sus preferencias en los principales navegadores:<\/p>\n<p>Google Chrome<\/p>\n<p>Mozilla Firefox<\/p>\n<p>Internet Explorer<\/p>\n<p>Safari<\/p>\n<p>Cookies Flash<\/p>\n<p>Si desea contactar con nosotros respecto nuestra pol\u00edtica de cookies, puede consultar nuestros datos en el Aviso Legal.<\/p>\n","protected":false},"excerpt":{"rendered":"<p>POL\u00cdTICA DE COOKIES A trav\u00e9s de este Portal, APLQUICK S.C no recoge ni procesa ning\u00fan tipo de datos personales excepto los recogidos a trav\u00e9s de los formularios de contacto y las cookies, seg\u00fan se explica a continuaci\u00f3n. Este portal, al igual que la mayor\u00eda de portales en Internet, usa cookies para mejorar la experiencia del usuario. A continuaci\u00f3n encontrar\u00e1 informaci\u00f3n&#8230;<\/p>\n","protected":false},"author":1,"featured_media":0,"parent":0,"menu_order":0,"comment_status":"closed","ping_status":"closed","template":"","meta":{"_monsterinsights_skip_tracking":false,"_monsterinsights_sitenote_active":false,"_monsterinsights_sitenote_note":"","_monsterinsights_sitenote_category":0,"footnotes":""},"class_list":["post-4767","page","type-page","status-publish","hentry"],"_links":{"self":[{"href":"https:\/\/apliquick.com\/index.php?rest_route=\/wp\/v2\/pages\/4767","targetHints":{"allow":["GET"]}}],"collection":[{"href":"https:\/\/apliquick.com\/index.php?rest_route=\/wp\/v2\/pages"}],"about":[{"href":"https:\/\/apliquick.com\/index.php?rest_route=\/wp\/v2\/types\/page"}],"author":[{"embeddable":true,"href":"https:\/\/apliquick.com\/index.php?rest_route=\/wp\/v2\/users\/1"}],"replies":[{"embeddable":true,"href":"https:\/\/apliquick.com\/index.php?rest_route=%2Fwp%2Fv2%2Fcomments&post=4767"}],"version-history":[{"count":2,"href":"https:\/\/apliquick.com\/index.php?rest_route=\/wp\/v2\/pages\/4767\/revisions"}],"predecessor-version":[{"id":4779,"href":"https:\/\/apliquick.com\/index.php?rest_route=\/wp\/v2\/pages\/4767\/revisions\/4779"}],"wp:attachment":[{"href":"https:\/\/apliquick.com\/index.php?rest_route=%2Fwp%2Fv2%2Fmedia&parent=4767"}],"curies":[{"name":"wp","href":"https:\/\/api.w.org\/{rel}","templated":true}]}}