{"id":4765,"date":"2023-12-20T17:11:42","date_gmt":"2023-12-20T16:11:42","guid":{"rendered":"https:\/\/apliquick.com\/?page_id=4765"},"modified":"2023-12-20T17:38:43","modified_gmt":"2023-12-20T16:38:43","slug":"privacidad","status":"publish","type":"page","link":"https:\/\/apliquick.com\/?page_id=4765","title":{"rendered":"Privacidad"},"content":{"rendered":"<header class=\"page-header\">\n<h1>Pol\u00edtica de privacidad<\/h1>\n<\/header>\n<section id=\"content\" class=\"page-content page-cms page-cms-6\"><strong>POL\u00cdTICA DE PRIVACIDAD<\/strong><\/p>\n<p>APLIQUICK S.C es consciente de la importancia que supone para nuestros usuarios obtener informaci\u00f3n clara y transparente sobre el uso que hacemos de la informaci\u00f3n que nos proporcionan.<\/p>\n<p>La relaci\u00f3n con nuestros usuarios se basa en la honestidad, el rigor y la transparencia para construir relaciones s\u00f3lidas y de confianza mutua. Mediante la presente Pol\u00edtica de Privacidad les detallamos c\u00f3mo tratamos sus datos personales cuando se relacionan con nosotros.<\/p>\n<p>&nbsp;<\/p>\n<p><strong>PROTECCI\u00d3N DE DATOS<\/strong><\/p>\n<p><em>Qu\u00e9 son datos de car\u00e1cter personal?<\/em><\/p>\n<p>Un dato de car\u00e1cter personal es cualquier informaci\u00f3n num\u00e9rica, alfab\u00e9tica, fotogr\u00e1fica, ac\u00fastica o de cualquier otro tipo concerniente a personas f\u00edsicas identificadas o identificables, tanto la relativa a su identidad como a su existencias y ocupaciones. Ejemplos de esta informaci\u00f3n son su nombre, email o tel\u00e9fono.<\/p>\n<p>&nbsp;<\/p>\n<p><em>Que tipos de datos recogemos?<\/em><\/p>\n<p>Datos identificativos y de contacto como el nombre, email, etc., proporcionados voluntariamente por el propio usuario a trav\u00e9s de los formularios incluidos en el portal , que corresponden a un m\u00ednimo razonable para poder llevar a cabo el tratamiento en cuesti\u00f3n.<\/p>\n<p>Datos de conexi\u00f3n, como direcci\u00f3n IP, operador de acceso, etc, recopilados de forma t\u00e9cnica en base al uso que el usuario hace del servicio y que nos permiten interactuar con \u00e9l.<\/p>\n<p>&nbsp;<\/p>\n<p><em>Con que finalidad tratamos sus datos?<\/em><\/p>\n<p>APLIQUICK S.C tratar\u00e1 los datos confidencialmente y con la \u00fanica finalidad de prestar los servicios solicitados, con todas las garant\u00edas legales y de seguridad que impone la Ley Org\u00e1nica 3\/2018, de 5 de diciembre, de protecci\u00f3n de datos y Garantia de Derechos Digitales, el Reglamento (UE) 2016\/679 del Parlamento Europeo y del Consejo, de 27 de abril de 2016 (RGPD) y la Ley 34\/2002, de 11 de julio, de Servicios de la Sociedad de la Informaci\u00f3n y Comercio Electr\u00f3nico.<\/p>\n<p>Finalidades:<\/p>\n<p>1. Permitir al usuario contactar con nostros y dar respuesta a las solicitudes de informaci\u00f3n enviadas a trav\u00e9s de los formularios dispuestos en La Web.<\/p>\n<p>2. Crear y gestionar la lista de suscritores a nuestros boletines informativos para mantenerlos informados sobre nuestros productos y servicios.<\/p>\n<p>3. Permitir el funcionamiento de nuestra website, a trav\u00e9s de cookies t\u00e9cnicas y funcionales tal como se detalla en nuestra pol\u00edtica de cookies.<\/p>\n<p>&nbsp;<\/p>\n<p><em>Cu\u00e1l es la base que legitima el tratamiento?\u00a0<\/em><\/p>\n<p>El consentimiento del usuario libre, espec\u00edfico, informado e inequ\u00edvoco, en tanto que le informamos poniendo a su disposici\u00f3n la presente pol\u00edtica de privacidad, que tras la lectura de la misma, en caso de estar conforme, puede aceptar mediante una clara acci\u00f3n afirmativa, como el marcado de una casilla dispuesta al efecto.<\/p>\n<p>&nbsp;<\/p>\n<p><em>Qui\u00e9n trata sus datos?<\/em><\/p>\n<p>El Responsable del tratamiento de sus datos es APLIQUICK S.C, J55160923,\u00a0Rambla Generalitat 40, entresuelo, 17220 SANT FELIU DE GU\u00cdXOLS (GIRONA), apliquick@apliquick.com, 972325560<\/p>\n<p>&nbsp;<\/p>\n<p><em>Qu\u00e9 datos son obligatorios?<\/em><\/p>\n<p>Todos los que se le solicita en el preceptivo formulario son de cumplimentaci\u00f3n obligatoria, siendo imposible realizar las finalidades expresadas si no se aportan esos datos o nos los facilita de forma err\u00f3nea o incompleta.<\/p>\n<p>El usuario manifiesta que todos los datos facilitados por \u00e9l son ciertos y correctos y se compromete a mantenerlos actualizados, comunicando los cambios a APLIQUICK S.C.<\/p>\n<p>&nbsp;<\/p>\n<p><em>Se toman decisiones automatizadas?<\/em><\/p>\n<p>No se adoptan decisiones automatizadas, aunque si entra dentro de nuestra pol\u00edtica de marketing elaborar perfiles estad\u00edsticos anonimizados en base al comportamiento de los usuarios.<\/p>\n<p>&nbsp;<\/p>\n<p><em>Como presentamos la informaci\u00f3n?<\/em><\/p>\n<p>La informaci\u00f3n sobre el tratamiento de los datos personales, se facilita al interesado de forma clara y concisa, teniendo en cuenta que el objetivo final es que el usuario pueda tomar decisiones informadas sobre la utilizaci\u00f3n de sus datos personales. Para ello, adoptamos un sistema de informaci\u00f3n por capas o niveles, de tal manera que se presenta al usuario una informaci\u00f3n b\u00e1sica reducida en el mismo formulario en que se obtiene el consentimiento y una informaci\u00f3n adicional m\u00e1s detallada en este texto de Pol\u00edtica de Privacidad<\/p>\n<p>&nbsp;<\/p>\n<p><em>A que destinatarios se comunican sus datos? Se realizan transferencias internacionales de datos?<\/em><\/p>\n<p>No cedemos sus datos personales a terceros, excepto por imperativo legal.<\/p>\n<p>Para poder prestar nuestros servicios necesitamos trabajar con empresas que tratan sus datos por cuenta nuestra (proveedores de hosting, de tecnolog\u00eda de an\u00e1lisis de datos, etc) como parte de la prestaci\u00f3n de un servicio que les hemos contratado y con quienes hemos firmado los correspondientes contratos de Encargados de Tratamiento, exigi\u00e9ndoles el cumplimiento de la normativa en materia de protecci\u00f3n de datos.<\/p>\n<p>APLIQUICK S.C comparte datos con los siguientes prestadores bajo sus correspondientes condiciones de privacidad:<\/p>\n<p>Hosting: Dinahosting, con domicilio en Espa\u00f1a ( https:\/\/www.nicalia.com. Nicalia Internet S.L.U) trata los datos de los usuarios con la finalidad de realizar sus servicios de hosting a APLIQUICK S.C.<\/p>\n<p>Google Analytics: un servicio anal\u00edtico de web prestado por Google, Inc., una compa\u00f1\u00eda de Delaware cuya oficina principal est\u00e1 en 1600 Amphitheatre Parkway, Mountain View (California), CA 94043, Estados Unidos (\u201cGoogle\u201d). Google Analytics utiliza \u201ccookies\u201d, que son archivos de texto ubicados en tu ordenador, para ayudar a LeitmotivMedia.com a analizar el uso que hacen los usuarios del sitio web. La informaci\u00f3n que genera la cookie acerca del uso de nuestro portal, (incluyendo su direcci\u00f3n IP) ser\u00e1 directamente transmitida y archivada por Google en los servidores de Estados Unidos.<\/p>\n<p>Email marketing: The Rocket Science Group LLC d\/b\/a , con domicilio en EEUU.<\/p>\n<p>M\u00e1s informaci\u00f3n en: https:\/\/mailchimp.com\/ (The Rocket Science Group LLC d\/b\/a). The Rocket Science Group LLC d\/b\/a trata los datos con la finalidad de realizar sus servicios de email marketing a APLIQUICK S.C..<\/p>\n<p>Plataforma web: Squarespace, 89 Clarkson Street, West Village Manhattan, NY, como herramienta de gesti\u00f3n de nuestra p\u00e1gina Web.<\/p>\n<p>A pesar de que se trata en algunos casos de prestadores de servicio ubicados fuera del Espacio Econ\u00f3mico Europeo y que no proporcionarian a priori un nivel de protecci\u00f3n equiparable al de la UE, el flujo de datos personales con estos proveedores de servicios est\u00e1 amparado bajo la certificaci\u00f3n de cumplimiento con los marcos de privacidad UE\/EEUU, a trav\u00e9s del escudo de privacidad \u00abPrivacy Shield\u00bb equiparando sus garant\u00edas en la protecci\u00f3n de datos a las de nuestro ordenamiento jur\u00eddico.<\/p>\n<p>Pueden darse tambi\u00e9n potenciales transferencias internacionales de datos que obedecen a la gesti\u00f3n de las sesiones formativas y a otras actividades fuera del Espacio Econ\u00f3mico Europeo y respaldas por el acuerdo Privacy Shield.<\/p>\n<p>&nbsp;<\/p>\n<p><em>Durante cu\u00e1nto tiempo guardamos sus datos?<\/em><\/p>\n<p>Respecto de cada tratamiento para el cual nos haya dado su consentimiento, conservaremos los datos el tiempo que sea necesario para garantizar la prestaci\u00f3n del servicio y en tanto en cuanto el usaurio no haya solicitado la baja y eliminaci\u00f3n de sus datos.<\/p>\n<p>En cualquier caso, los datos se conservaran durante el plazo necesario para cumplir con nuestras obligaciones legales.<\/p>\n<p>&nbsp;<\/p>\n<p><em>Comunicaciones comerciales<\/em><\/p>\n<p>De acuerdo con la LSSICE, APLIQUICK S.C no realizar\u00e1 pr\u00e1cticas de SPAM , por lo que no enviar\u00e1 correos comerciales por v\u00eda electr\u00f3nica que no hayan sido previamente solicitados o expresamente autorizados por el usuario.<\/p>\n<p>En consecuencia, en cada uno de los formularios habidos en la web, el usuario tiene la posibilidad de dar su consentimiento expreso para recibir el bolet\u00edn, con independencia de la informaci\u00f3n comercial puntualmente solicitada.<\/p>\n<p>&nbsp;<\/p>\n<p><em>Qu\u00e9 derechos existen y c\u00f3mo ejercitarlos?<\/em><\/p>\n<p>El usuario podr\u00e1, en cualquier momento ejercitar sus derechos de acceso, rectificaci\u00f3n, supresi\u00f3n y oposici\u00f3n as\u00ed como los de limitaci\u00f3n del tratamiento y portabilidad en la direcci\u00f3n de correo electr\u00f3nico apliquick@apliquick.com<\/p>\n<p>El ejercicio de todos estos derechos es gratuito y, en aras a la mayor transparencia, le facilitamos m\u00e1s informaci\u00f3n sobre estos derechos:<\/p>\n<p>Derecho de acceso, rectificaci\u00f3n y supresi\u00f3n: Los interesados podr\u00e1n acceder a sus datos personales, as\u00ed como solicitar la rectificaci\u00f3n de los datos inexactos o si es necesario, solicitar su supresi\u00f3n cuando, entre otros motivos, los datos ya no sean necesarios para las finalidades para las que fueron recogidos.<\/p>\n<p>Derecho a Oposici\u00f3n: En determinadas circunstancias y por motivos relacionados con su situaci\u00f3n particular, puede oponerse al tratamiento de sus datos.<\/p>\n<p>dejar\u00e1 de tratar los datos, salvo por motivos leg\u00edtimos, imperiosos, por el ejercicio o la defensa de posibles reclamaciones o para cumplir con nuestras obligaciones legales.<\/p>\n<p>Derecho a la Limitaci\u00f3n del tratamiento: En determinadas circunstancias puede solicitar la limitaci\u00f3n del tratamiento de Sus datos, en cuyo caso \u00fanicamente los conservaremos para cumplir con nuestras obligaciones legales.<\/p>\n<p>Derecho a la Portabilidad: Podr\u00e1 recibir, en formato electr\u00f3nico, los datos personales que nos hayas facilitado y transmitirlos directamente a otro Responsable de Tratamiento cuando as\u00ed nos lo solicite y sea t\u00e9cnicamente posible.<\/p>\n<p>Derecho a la Retirada del consentimiento: En cualquier momento puede retirar el consentimiento prestado sin que ello afecte a la licitud del tratamiento.<\/p>\n<p>Si solicita la cancelaci\u00f3n de sus datos dejaremos de procesar los mismos pero debe tener en cuenta que no podremos seguir prest\u00e1ndote servicios y que, en determinados casos en los que tengamos la base legal correspondiente,seguiremos procesando su informaci\u00f3n a\u00fan despu\u00e9s de que haya retirado su consentimiento y solicitado la eliminaci\u00f3n de su informaci\u00f3n.<\/p>\n<p>En caso de divergencias en relaci\u00f3n con el tratamiento de sus datos, puede interponer reclamaci\u00f3n ante la Agencia Espa\u00f1ola de Protecci\u00f3n de Datos en su sede electr\u00f3nica (ww.aepd.es)<\/p>\n<p>En todo caso, por nuestro fuerte compromiso con la privacidad le invitamos a que se dirija directamente a nosotros para solucionar cualquier cuesti\u00f3n relacionada con sus datos personales;<\/p>\n<p>Se aplicar\u00e1 la legislaci\u00f3n espa\u00f1ola a todas las disputas que afecten a esta p\u00e1gina web, siendo competentes los tribunales y juzgados correspondientes.<\/p>\n<p>&nbsp;<\/p>\n<p><em>Modificaci\u00f3n de la Pol\u00edtica de Privacidad<\/em><\/p>\n<p>APLIQUICK S.C se reserva el derecho a modificar la presente pol\u00edtica para adaptarla a futuras novedades legislativas o jurisprudenciales, as\u00ed como a pr\u00e1cticas de la industria.<\/p>\n<p>Le recomendamos que consultes esta p\u00e1gina con cierta frecuencia para revisar la versi\u00f3n m\u00e1s reciente. En la parte superior de este documento le indicamos la fecha de la \u00faltima actualizaci\u00f3n.<\/p>\n<p>La nueva pol\u00edtica de privacidad ser\u00e1 efectiva desde el momento de su publicaci\u00f3n.<\/p>\n<p>Si contin\u00faa accediendo o utilizando nuestros servicios despu\u00e9s de la entrada en vigor de dichas modificaciones, acepta estar sujeto a las nuevas pol\u00edticas de privacidad.<\/p>\n<p>En ning\u00fan caso dichas modificaciones afectar\u00e1n a la elecci\u00f3n que hubiera formulado en lo que respecta al modo en que APLIQUICK S.C. puede tratar tus datos personales. Si en alg\u00fan momento quisi\u00e9ramos utilizar sus datos de forma distinta a la establecida en el momento de la recogida, se lo notificaremos por correo electr\u00f3nico, solicitando su consentimiento.<\/p>\n<p>Asimismo, APLIQUICK S.C. se reserva el derecho a la rescisi\u00f3n de los servicios que presta en relaci\u00f3n a aquellos usuarios que no cumplan con los t\u00e9rminos y condiciones legales de uso, as\u00ed como con la legislaci\u00f3n vigente.<\/p>\n<\/section>\n","protected":false},"excerpt":{"rendered":"<p>Pol\u00edtica de privacidad POL\u00cdTICA DE PRIVACIDAD APLIQUICK S.C es consciente de la importancia que supone para nuestros usuarios obtener informaci\u00f3n clara y transparente sobre el uso que hacemos de la informaci\u00f3n que nos proporcionan. La relaci\u00f3n con nuestros usuarios se basa en la honestidad, el rigor y la transparencia para construir relaciones s\u00f3lidas y de confianza mutua. Mediante la presente&#8230;<\/p>\n","protected":false},"author":1,"featured_media":0,"parent":0,"menu_order":0,"comment_status":"closed","ping_status":"closed","template":"","meta":{"_monsterinsights_skip_tracking":false,"_monsterinsights_sitenote_active":false,"_monsterinsights_sitenote_note":"","_monsterinsights_sitenote_category":0,"footnotes":""},"class_list":["post-4765","page","type-page","status-publish","hentry"],"_links":{"self":[{"href":"https:\/\/apliquick.com\/index.php?rest_route=\/wp\/v2\/pages\/4765","targetHints":{"allow":["GET"]}}],"collection":[{"href":"https:\/\/apliquick.com\/index.php?rest_route=\/wp\/v2\/pages"}],"about":[{"href":"https:\/\/apliquick.com\/index.php?rest_route=\/wp\/v2\/types\/page"}],"author":[{"embeddable":true,"href":"https:\/\/apliquick.com\/index.php?rest_route=\/wp\/v2\/users\/1"}],"replies":[{"embeddable":true,"href":"https:\/\/apliquick.com\/index.php?rest_route=%2Fwp%2Fv2%2Fcomments&post=4765"}],"version-history":[{"count":2,"href":"https:\/\/apliquick.com\/index.php?rest_route=\/wp\/v2\/pages\/4765\/revisions"}],"predecessor-version":[{"id":4778,"href":"https:\/\/apliquick.com\/index.php?rest_route=\/wp\/v2\/pages\/4765\/revisions\/4778"}],"wp:attachment":[{"href":"https:\/\/apliquick.com\/index.php?rest_route=%2Fwp%2Fv2%2Fmedia&parent=4765"}],"curies":[{"name":"wp","href":"https:\/\/api.w.org\/{rel}","templated":true}]}}